{"id":400,"date":"2021-07-20T14:44:23","date_gmt":"2021-07-20T12:44:23","guid":{"rendered":"https:\/\/v2.lafevedoree.fr\/?page_id=400"},"modified":"2023-11-09T18:56:53","modified_gmt":"2023-11-09T17:56:53","slug":"commande-contact","status":"publish","type":"page","link":"https:\/\/v2.lafevedoree.fr\/index.php\/commande-contact\/","title":{"rendered":"Commande \/ Contact"},"content":{"rendered":"<div id=\"pl-400\"  class=\"panel-layout\" >\n<div id=\"pg-400-0\"  class=\"panel-grid panel-no-style\" >\n<div id=\"pgc-400-0-0\"  class=\"panel-grid-cell\"  data-weight=\"1\" >\n<div id=\"panel-400-0-0-0\" class=\"so-panel widget widget_siteorigin-panels-builder panel-first-child panel-last-child\" data-index=\"0\" data-style=\"{&quot;background_image_attachment&quot;:false,&quot;background_display&quot;:&quot;tile&quot;}\" >\n<div id=\"pl-w654d1d659aa6a\"  class=\"panel-layout\" >\n<div id=\"pg-w654d1d659aa6a-0\"  class=\"panel-grid panel-no-style\"  data-style=\"{&quot;background_image_attachment&quot;:false,&quot;background_display&quot;:&quot;tile&quot;,&quot;cell_alignment&quot;:&quot;flex-start&quot;}\"  data-ratio=\"1\"  data-ratio-direction=\"right\" >\n<div id=\"pgc-w654d1d659aa6a-0-0\"  class=\"panel-grid-cell\"  data-weight=\"0.5\" >\n<div id=\"panel-w654d1d659aa6a-0-0-0\" class=\"so-panel widget widget_sow-editor panel-first-child\" data-index=\"0\" data-style=\"{&quot;padding&quot;:&quot;10% 10% 10% 10%&quot;,&quot;background&quot;:&quot;#ffffff&quot;,&quot;background_image_attachment&quot;:false,&quot;background_display&quot;:&quot;tile&quot;,&quot;border_color&quot;:&quot;#d2bc8d&quot;,&quot;font_color&quot;:&quot;#da328a&quot;}\" >\n<div class=\"panel-widget-style panel-widget-style-for-w654d1d659aa6a-0-0-0\" >\n<div class=\"so-widget-sow-editor so-widget-sow-editor-base\">\n<div class=\"siteorigin-widget-tinymce textwidget\">\n<h4 style=\"margin: 0;\">\n<p style=\"text-align: center; line-height: 22px;\"><span style=\"color: #da328a; font-size: 32px;\"><strong>O\u00d9 COMMANDER ?<\/strong><\/span><\/p>\n<\/h4>\n<\/div>\n<\/div>\n<\/div>\n<\/div>\n<div id=\"panel-w654d1d659aa6a-0-0-1\" class=\"so-panel widget widget_sow-editor\" data-index=\"1\" data-style=\"{&quot;background_image_attachment&quot;:false,&quot;background_display&quot;:&quot;tile&quot;}\" >\n<div class=\"so-widget-sow-editor so-widget-sow-editor-base\">\n<div class=\"siteorigin-widget-tinymce textwidget\">\n<p style=\"font-size: 20px;\"><span style=\"color: #d2bc8d;\"><strong>EN LIVRAISON<\/strong><\/span><\/p>\n<p>Pour toutes commandes par envoi Colissimo, merci de me contacter au 06 05 19 32 40.<\/p>\n<hr \/>\n<p style=\"font-size: 20px;\"><span style=\"color: #d2bc8d;\"><strong>VENTE EN BOUTIQUE<\/strong><\/span><\/p>\n<p>Retrouvez les produits La F\u00e8ve Dor\u00e9e directement dans la boutique Vrac&rsquo;ment Votre dans le centre ville, 55 Avenue du Mar\u00e9chal Foch 93360 Neuilly-Plaisance.<br \/>\nPassez votre commande par t\u00e9l\u00e9phone (06 05 19 32 40) ou avec le formulaire de contact, venez r\u00e9cup\u00e9rer votre commande dans mon atelier apr\u00e8s prise de RDV.<\/p>\n<\/div>\n<\/div>\n<\/div>\n<div id=\"panel-w654d1d659aa6a-0-0-2\" class=\"so-panel widget widget_sow-editor\" data-index=\"2\" data-style=\"{&quot;background_image_attachment&quot;:false,&quot;background_display&quot;:&quot;tile&quot;}\" >\n<div class=\"so-widget-sow-editor so-widget-sow-editor-base\">\n<div class=\"siteorigin-widget-tinymce textwidget\">\n<p><a href=\"https:\/\/www.facebook.com\/LaFeveDoree\" target=\"_blank\" rel=\"noopener noreferrer\"><img loading=\"lazy\" decoding=\"async\" class=\"alignleft wp-image-883 size-full\" src=\"https:\/\/v2.lafevedoree.fr\/wp-content\/uploads\/2021\/08\/social-facebook-alan-herre-2.png\" alt=\"Alan Herre Facebook\" width=\"85\" height=\"85\" \/><\/a><\/p>\n<p><a href=\"https:\/\/www.instagram.com\/lafevedoree\/\" target=\"_blank\" rel=\"noopener noreferrer\"><img loading=\"lazy\" decoding=\"async\" class=\"alignleft wp-image-884 size-full\" src=\"https:\/\/v2.lafevedoree.fr\/wp-content\/uploads\/2021\/08\/social-instagram-alan-herre-2.png\" alt=\"Alan Herre Instagram\" width=\"85\" height=\"85\" \/><\/a><\/p>\n<\/div>\n<\/div>\n<\/div>\n<div id=\"panel-w654d1d659aa6a-0-0-3\" class=\"so-panel widget widget_sow-image panel-last-child\" data-index=\"3\" data-style=\"{&quot;background_image_attachment&quot;:false,&quot;background_display&quot;:&quot;tile&quot;}\" ><div\n\t\t\t\n\t\t\tclass=\"so-widget-sow-image so-widget-sow-image-default-8b5b6f678277\"\n\t\t\t\n\t\t><\/div><\/div>\n<\/div>\n<div id=\"pgc-w654d1d659aa6a-0-1\"  class=\"panel-grid-cell\"  data-weight=\"0.5\" >\n<div id=\"panel-w654d1d659aa6a-0-1-0\" class=\"so-panel widget widget_sow-contact-form panel-first-child panel-last-child\" data-index=\"4\" data-style=\"{&quot;background_image_attachment&quot;:false,&quot;background_display&quot;:&quot;tile&quot;}\" ><div\n\t\t\t\n\t\t\tclass=\"so-widget-sow-contact-form so-widget-sow-contact-form-default-3da347caff03\"\n\t\t\t\n\t\t>\t<form\n\t\taction=\"\/index.php\/wp-json\/wp\/v2\/pages\/400\"\n\t\tmethod=\"POST\"\n\t\tclass=\"sow-contact-form\"\n\t\tid=\"contact-form-a508\"\n\t>\n\n\t\t\n\t\t\t\t\t<div class=\"sow-form-field sow-form-field-name\">\n\t\t\t\t<label class=\"sow-form-field-label-above\" for=\"sow-contact-form-field-votre-nom-1\">\n\t\t\t\t<strong>\n\t\t\t\t\tVotre nom\t\t\t\t\t\t\t\t\t<\/strong>\n\t\t\t<\/label>\n\t\t\t\t\t\t\t<div class=\"sow-field-container\">\n\t\t\t\t\t\t\t<input\n\t\t\ttype=\"text\"\n\t\t\tname=\"votre-nom-1\"\n\t\t\tid=\"sow-contact-form-field-votre-nom-1\"\n\t\t\tvalue=\"\"\n\t\t\tclass=\"sow-text-field\"\n\t\t\t\t\t\t\t\t\/>\n\t\t\t\t\t\t<\/div>\n\t\t\t\t\t\t\t<\/div>\n\t\t\t\t\t\t<div class=\"sow-form-field sow-form-field-email\">\n\t\t\t\t<label class=\"sow-form-field-label-above\" for=\"sow-contact-form-field-votre-adresse-de-messagerie-1\">\n\t\t\t\t<strong>\n\t\t\t\t\tVotre adresse de messagerie\t\t\t\t\t\t\t\t\t<\/strong>\n\t\t\t<\/label>\n\t\t\t\t\t\t\t<div class=\"sow-field-container\">\n\t\t\t\t\t\t\t<input\n\t\t\ttype=\"email\"\n\t\t\tname=\"votre-adresse-de-messagerie-1\"\n\t\t\tid=\"sow-contact-form-field-votre-adresse-de-messagerie-1\"\n\t\t\tvalue=\"\"\n\t\t\tclass=\"sow-text-field\"\t\t\t\t\t\t\t\t\/>\n\t\t\t\t\t\t<\/div>\n\t\t\t\t\t\t\t<\/div>\n\t\t\t\t\t\t<div class=\"sow-form-field sow-form-field-subject\">\n\t\t\t\t<label class=\"sow-form-field-label-above\" for=\"sow-contact-form-field-sujet-1\">\n\t\t\t\t<strong>\n\t\t\t\t\tSujet\t\t\t\t\t\t\t\t\t<\/strong>\n\t\t\t<\/label>\n\t\t\t\t\t\t\t<div class=\"sow-field-container\">\n\t\t\t\t\t\t\t<input\n\t\t\ttype=\"text\"\n\t\t\tname=\"sujet-1\"\n\t\t\tid=\"sow-contact-form-field-sujet-1\"\n\t\t\tvalue=\"\"\n\t\t\tclass=\"sow-text-field\"\n\t\t\t\t\t\t\t\t\/>\n\t\t\t\t\t\t<\/div>\n\t\t\t\t\t\t\t<\/div>\n\t\t\t\t\t\t<div class=\"sow-form-field sow-form-field-textarea\">\n\t\t\t\t<label class=\"sow-form-field-label-above\" for=\"sow-contact-form-field-message-1\">\n\t\t\t\t<strong>\n\t\t\t\t\tMessage\t\t\t\t\t\t\t\t\t<\/strong>\n\t\t\t<\/label>\n\t\t\t\t\t\t\t<div class=\"sow-field-container\">\n\t\t\t\t\t\t\t<textarea\n\t\t\tname=\"message-1\"\n\t\t\tid=\"sow-contact-form-field-message-1\"\n\t\t\trows=\"10\"\n\t\t\t\t\t\t\t\t><\/textarea>\n\t\t\t\t\t\t<\/div>\n\t\t\t\t\t\t\t<\/div>\n\t\t\t\t\t\t<input\n\t\t\t\ttype=\"text\"\n\t\t\t\tname=\"sow-name\"\n\t\t\t\tclass=\"sow-text-field\"\n\t\t\t\tstyle=\"display: none !important; visibility: hidden !important;\"\n\t\t\t\tautocomplete=\"off\"\n\t\t\t\taria-hidden=\"true\"\n\t\t\t>\n\t\t\n\t\t\n\t\t<div class=\"sow-submit-wrapper \n\t\tsow-submit-styled\t\t\">\n\n\t\t\t<button\n\t\t\t\ttype=\"submit\"\n\t\t\t\tclass=\"sow-submit\n\t\t\t\t\t\t\t\t\"\n\t\t\t\tdata-js-key=\"c4ca4238a0b923820dcc509a6f75849b\" \t\t\t>\n\t\t\t\tContactez-nous\t\t\t<\/button>\n\t\t<\/div>\n\t\t\t\t<input\n\t\t\ttype=\"hidden\"\n\t\t\tname=\"instance_hash-1\"\n\t\t\tvalue=\"a5085d4c\"\n\t\t\/>\n\n\t\t<input type=\"hidden\" id=\"_wpnonce\" name=\"_wpnonce\" value=\"d913f88aaf\" \/><input type=\"hidden\" name=\"_wp_http_referer\" value=\"\/index.php\/wp-json\/wp\/v2\/pages\/400\" \/>\t<\/form>\n\t<\/div><\/div>\n<\/div>\n<\/div>\n<\/div>\n<\/div>\n<\/div>\n<\/div>\n<\/div>\n","protected":false},"excerpt":{"rendered":"<p>O\u00d9 COMMANDER ? EN LIVRAISON Pour toutes commandes par envoi Colissimo, merci de me contacter au 06 05 19 32 40. VENTE EN BOUTIQUE Retrouvez les produits La F\u00e8ve Dor\u00e9e directement dans la boutique Vrac&rsquo;ment Votre dans le centre ville, 55 Avenue du Mar\u00e9chal Foch 93360 Neuilly-Plaisance. Passez votre commande par t\u00e9l\u00e9phone (06 05 19 [&hellip;]<\/p>\n","protected":false},"author":1,"featured_media":0,"parent":0,"menu_order":0,"comment_status":"closed","ping_status":"closed","template":"","meta":{"footnotes":""},"class_list":["post-400","page","type-page","status-publish","hentry"],"aioseo_notices":[],"_links":{"self":[{"href":"https:\/\/v2.lafevedoree.fr\/index.php\/wp-json\/wp\/v2\/pages\/400","targetHints":{"allow":["GET"]}}],"collection":[{"href":"https:\/\/v2.lafevedoree.fr\/index.php\/wp-json\/wp\/v2\/pages"}],"about":[{"href":"https:\/\/v2.lafevedoree.fr\/index.php\/wp-json\/wp\/v2\/types\/page"}],"author":[{"embeddable":true,"href":"https:\/\/v2.lafevedoree.fr\/index.php\/wp-json\/wp\/v2\/users\/1"}],"replies":[{"embeddable":true,"href":"https:\/\/v2.lafevedoree.fr\/index.php\/wp-json\/wp\/v2\/comments?post=400"}],"version-history":[{"count":73,"href":"https:\/\/v2.lafevedoree.fr\/index.php\/wp-json\/wp\/v2\/pages\/400\/revisions"}],"predecessor-version":[{"id":1034,"href":"https:\/\/v2.lafevedoree.fr\/index.php\/wp-json\/wp\/v2\/pages\/400\/revisions\/1034"}],"wp:attachment":[{"href":"https:\/\/v2.lafevedoree.fr\/index.php\/wp-json\/wp\/v2\/media?parent=400"}],"curies":[{"name":"wp","href":"https:\/\/api.w.org\/{rel}","templated":true}]}}