{"id":414,"date":"2021-07-20T15:42:52","date_gmt":"2021-07-20T13:42:52","guid":{"rendered":"https:\/\/v2.lafevedoree.fr\/?page_id=414"},"modified":"2021-10-04T10:18:21","modified_gmt":"2021-10-04T08:18:21","slug":"a-propos","status":"publish","type":"page","link":"https:\/\/v2.lafevedoree.fr\/index.php\/a-propos\/","title":{"rendered":"A Propos"},"content":{"rendered":"<div id=\"pl-414\"  class=\"panel-layout\" >\n<div id=\"pg-414-0\"  class=\"panel-grid panel-no-style\" >\n<div id=\"pgc-414-0-0\"  class=\"panel-grid-cell\"  data-weight=\"1\" >\n<div id=\"panel-414-0-0-0\" class=\"so-panel widget widget_siteorigin-panels-builder panel-first-child panel-last-child\" data-index=\"0\" data-style=\"{&quot;mobile_padding&quot;:&quot;0em 2em 0em 2em&quot;,&quot;background_image_attachment&quot;:false,&quot;background_display&quot;:&quot;tile&quot;}\" >\n<div class=\"panel-widget-style panel-widget-style-for-414-0-0-0\" >\n<div id=\"pl-w615ab8cdb62be\"  class=\"panel-layout\" >\n<div id=\"pg-w615ab8cdb62be-0\"  class=\"panel-grid panel-no-style\"  data-style=\"{&quot;background_image_attachment&quot;:false,&quot;background_display&quot;:&quot;tile&quot;,&quot;cell_alignment&quot;:&quot;flex-start&quot;}\"  data-ratio=\"0.61803398\"  data-ratio-direction=\"left\" >\n<div id=\"pgc-w615ab8cdb62be-0-0\"  class=\"panel-grid-cell\"  data-weight=\"0.43994554804792\" >\n<div id=\"panel-w615ab8cdb62be-0-0-0\" class=\"so-panel widget widget_sow-image panel-first-child\" data-index=\"0\" data-style=\"{&quot;background_image_attachment&quot;:false,&quot;background_display&quot;:&quot;tile&quot;}\" ><div\n\t\t\t\n\t\t\tclass=\"so-widget-sow-image so-widget-sow-image-default-8b5b6f678277\"\n\t\t\t\n\t\t><\/div><\/div>\n<div id=\"panel-w615ab8cdb62be-0-0-1\" class=\"so-panel widget widget_sow-image\" data-index=\"1\" data-style=\"{&quot;background_image_attachment&quot;:false,&quot;background_display&quot;:&quot;tile&quot;}\" ><div\n\t\t\t\n\t\t\tclass=\"so-widget-sow-image so-widget-sow-image-default-8b5b6f678277\"\n\t\t\t\n\t\t><\/div><\/div>\n<div id=\"panel-w615ab8cdb62be-0-0-2\" class=\"so-panel widget widget_sow-image panel-last-child\" data-index=\"2\" data-style=\"{&quot;background_image_attachment&quot;:false,&quot;background_display&quot;:&quot;tile&quot;}\" ><div\n\t\t\t\n\t\t\tclass=\"so-widget-sow-image so-widget-sow-image-default-8b5b6f678277\"\n\t\t\t\n\t\t><\/div><\/div>\n<\/div>\n<div id=\"pgc-w615ab8cdb62be-0-1\"  class=\"panel-grid-cell panel-grid-cell-empty\"  data-style=\"{&quot;background_image_attachment&quot;:false,&quot;background_display&quot;:&quot;tile&quot;,&quot;vertical_alignment&quot;:&quot;auto&quot;}\"  data-weight=\"0.029769411431287\" ><\/div>\n<div id=\"pgc-w615ab8cdb62be-0-2\"  class=\"panel-grid-cell\"  data-weight=\"0.53028504052079\" >\n<div id=\"panel-w615ab8cdb62be-0-2-0\" class=\"so-panel widget widget_sow-editor panel-first-child\" data-index=\"3\" data-style=\"{&quot;background_image_attachment&quot;:false,&quot;background_display&quot;:&quot;tile&quot;}\" >\n<div class=\"so-widget-sow-editor so-widget-sow-editor-base\">\n<div class=\"siteorigin-widget-tinymce textwidget\">\n<div>Passionn\u00e9, curieux, d\u00e9termin\u00e9 et motiv\u00e9, j&rsquo;ai d\u00e9croch\u00e9 une place au <strong>Westin Paris Vend\u00f4me<\/strong> en tant que p\u00e2tissier.<\/div>\n<div>Enthousiasm\u00e9 par ce monde, j&rsquo;ai choisi comme m\u00e9tier la chocolaterie et confiserie aux cot\u00e9s du meilleur ouvrier de France, <strong>Nicolas Cloiseau, \u00e0 <a href=\"https:\/\/www.lamaisonduchocolat.com\/fr_fr\/nicolas-cloiseau-meilleur-ouvrier-de-france-mof-chocolatier\">La Maison du Chocolat<\/a>.<\/strong><\/div>\n<div>\n<p>&nbsp;<\/p>\n<\/div>\n<div>Apr\u00e8s mes 4 ann\u00e9es d&rsquo;apprentissage, j&rsquo;ai d\u00e9cid\u00e9, \u00e0 18 ans de participer \u00e0 des formations pour jeunes cr\u00e9ateurs d&rsquo;entreprise.<\/div>\n<div>J&rsquo;ai cr\u00e9\u00e9 l&rsquo;entreprise <strong><a href=\"https:\/\/v2.lafevedoree.fr\">La F\u00e8ve Dor\u00e9e<\/a> \u00e0 l&rsquo;\u00e2ge de 20 ans.<\/strong><\/div>\n<div>\n<p>&nbsp;<\/p>\n<\/div>\n<div>Le nom <strong>La F\u00e8ve Dor\u00e9e<\/strong> est venu de l&rsquo;histoire de la f\u00e8ve de cacao. A l&rsquo;\u00e9poque des Mayas, outre le breuvage divin r\u00e9serv\u00e9 \u00e0 certains privil\u00e9gi\u00e9s, la f\u00e8ve de cacao \u00e9tait utilis\u00e9e comme monnaie d&rsquo;\u00e9change. Le cacao \u00e9tait tr\u00e8s pr\u00e9cieux d&rsquo;o\u00f9 l&rsquo;id\u00e9e du nom de La F\u00e8ve Dor\u00e9e.<\/div>\n<div>\n<p>&nbsp;<\/p>\n<\/div>\n<div><div class=\"su-divider su-divider-style-default\" style=\"margin:15px 0;border-width:1px;border-color:#d2bc8d\"><\/div><\/div>\n<div>\n<p>&nbsp;<\/p>\n<\/div>\n<div>Je propose des produits chocolat\u00e9s 100% fait maison et ne travaille qu&rsquo;\u00e0 partir de produits frais et hauts de gamme.<\/div>\n<div>\n<p>&nbsp;<\/p>\n<\/div>\n<div>Vous pouvez me retrouver dans des salons du vin, des salons de l&rsquo;artisanat ou encore des salons des m\u00e9tiers d&rsquo;art.<\/div>\n<div><\/div>\n<div>Je vous propose \u00e9galement mes produits en tant qu&rsquo;exposant dans votre entreprise ou encore pour vos cadeaux d&rsquo;entreprise.<\/div>\n<div>\n<p>&nbsp;<\/p>\n<\/div>\n<div><strong>N&rsquo;h\u00e9sitez donc pas \u00e0 me contacter pour toute demande.<\/strong><\/div>\n<div>\n<p>&nbsp;<\/p>\n<p>&nbsp;<\/p>\n<\/div>\n<\/div>\n<\/div>\n<\/div>\n<div id=\"panel-w615ab8cdb62be-0-2-1\" class=\"so-panel widget widget_sow-button panel-last-child\" data-index=\"4\" data-style=\"{&quot;background_image_attachment&quot;:false,&quot;background_display&quot;:&quot;tile&quot;}\" ><div\n\t\t\t\n\t\t\tclass=\"so-widget-sow-button so-widget-sow-button-flat-1e520deaaef8\"\n\t\t\t\n\t\t><div class=\"ow-button-base ow-button-align-center\"\n>\n\t\t\t<a\n\t\t\t\tclass=\"sowb-button ow-icon-placement-left ow-button-hover\" \t>\n\t\t<span>\n\t\t\t\n\t\t\t\t\t<\/span>\n\t\t\t<\/a>\n\t<\/div>\n<\/div><\/div>\n<\/div>\n<\/div>\n<\/div>\n<\/div>\n<\/div>\n<\/div>\n<\/div>\n<\/div>\n","protected":false},"excerpt":{"rendered":"<p>Passionn\u00e9, curieux, d\u00e9termin\u00e9 et motiv\u00e9, j&rsquo;ai d\u00e9croch\u00e9 une place au Westin Paris Vend\u00f4me en tant que p\u00e2tissier. Enthousiasm\u00e9 par ce monde, j&rsquo;ai choisi comme m\u00e9tier la chocolaterie et confiserie aux cot\u00e9s du meilleur ouvrier de France, Nicolas Cloiseau, \u00e0 La Maison du Chocolat. &nbsp; Apr\u00e8s mes 4 ann\u00e9es d&rsquo;apprentissage, j&rsquo;ai d\u00e9cid\u00e9, \u00e0 18 ans de [&hellip;]<\/p>\n","protected":false},"author":1,"featured_media":0,"parent":0,"menu_order":0,"comment_status":"closed","ping_status":"closed","template":"","meta":{"footnotes":""},"class_list":["post-414","page","type-page","status-publish","hentry"],"aioseo_notices":[],"_links":{"self":[{"href":"https:\/\/v2.lafevedoree.fr\/index.php\/wp-json\/wp\/v2\/pages\/414","targetHints":{"allow":["GET"]}}],"collection":[{"href":"https:\/\/v2.lafevedoree.fr\/index.php\/wp-json\/wp\/v2\/pages"}],"about":[{"href":"https:\/\/v2.lafevedoree.fr\/index.php\/wp-json\/wp\/v2\/types\/page"}],"author":[{"embeddable":true,"href":"https:\/\/v2.lafevedoree.fr\/index.php\/wp-json\/wp\/v2\/users\/1"}],"replies":[{"embeddable":true,"href":"https:\/\/v2.lafevedoree.fr\/index.php\/wp-json\/wp\/v2\/comments?post=414"}],"version-history":[{"count":85,"href":"https:\/\/v2.lafevedoree.fr\/index.php\/wp-json\/wp\/v2\/pages\/414\/revisions"}],"predecessor-version":[{"id":974,"href":"https:\/\/v2.lafevedoree.fr\/index.php\/wp-json\/wp\/v2\/pages\/414\/revisions\/974"}],"wp:attachment":[{"href":"https:\/\/v2.lafevedoree.fr\/index.php\/wp-json\/wp\/v2\/media?parent=414"}],"curies":[{"name":"wp","href":"https:\/\/api.w.org\/{rel}","templated":true}]}}