{"id":721,"date":"2021-07-20T15:01:08","date_gmt":"2021-07-20T13:01:08","guid":{"rendered":"https:\/\/v2.lafevedoree.fr\/?page_id=721"},"modified":"2023-11-09T18:50:41","modified_gmt":"2023-11-09T17:50:41","slug":"espace-entreprises","status":"publish","type":"page","link":"https:\/\/v2.lafevedoree.fr\/index.php\/espace-entreprises\/","title":{"rendered":"Espace Entreprises"},"content":{"rendered":"<div id=\"pl-721\"  class=\"panel-layout\" ><div id=\"pg-721-0\"  class=\"panel-grid panel-no-style\" ><div id=\"pgc-721-0-0\"  class=\"panel-grid-cell\" ><div id=\"panel-721-0-0-0\" class=\"so-panel widget widget_siteorigin-panels-builder panel-first-child panel-last-child\" data-index=\"0\" ><div class=\"panel-widget-style panel-widget-style-for-721-0-0-0\" ><div id=\"pl-w654d1bf11a848\"  class=\"panel-layout\" ><div id=\"pg-w654d1bf11a848-0\"  class=\"panel-grid panel-has-style\" ><div class=\"siteorigin-panels-stretch panel-row-style panel-row-style-for-w654d1bf11a848-0\" data-stretch-type=\"full-stretched\" ><div id=\"pgc-w654d1bf11a848-0-0\"  class=\"panel-grid-cell\" ><div id=\"panel-w654d1bf11a848-0-0-0\" class=\"so-panel widget widget_sow-image panel-first-child panel-last-child\" data-index=\"0\" ><div\n\t\t\t\n\t\t\tclass=\"so-widget-sow-image so-widget-sow-image-default-8b5b6f678277\"\n\t\t\t\n\t\t>\n<div class=\"sow-image-container\">\n\t\t<img \n\tsrc=\"https:\/\/v2.lafevedoree.fr\/wp-content\/uploads\/2021\/08\/header-entreprise-1.jpg\" width=\"1210\" height=\"378\" srcset=\"https:\/\/v2.lafevedoree.fr\/wp-content\/uploads\/2021\/08\/header-entreprise-1.jpg 1210w, https:\/\/v2.lafevedoree.fr\/wp-content\/uploads\/2021\/08\/header-entreprise-1-300x94.jpg 300w, https:\/\/v2.lafevedoree.fr\/wp-content\/uploads\/2021\/08\/header-entreprise-1-768x240.jpg 768w, https:\/\/v2.lafevedoree.fr\/wp-content\/uploads\/2021\/08\/header-entreprise-1-1024x320.jpg 1024w\" sizes=\"(max-width: 1210px) 100vw, 1210px\" title=\"header-entreprise\" alt=\"\" \t\tclass=\"so-widget-image\"\/>\n\t<\/div>\n\n<\/div><\/div><\/div><\/div><\/div><div id=\"pg-w654d1bf11a848-1\"  class=\"panel-grid panel-no-style\" ><div id=\"pgc-w654d1bf11a848-1-0\"  class=\"panel-grid-cell\" ><div id=\"panel-w654d1bf11a848-1-0-0\" class=\"so-panel widget widget_sow-editor panel-first-child panel-last-child\" data-index=\"1\" ><div class=\"panel-widget-style panel-widget-style-for-w654d1bf11a848-1-0-0\" ><div\n\t\t\t\n\t\t\tclass=\"so-widget-sow-editor so-widget-sow-editor-base\"\n\t\t\t\n\t\t>\n<div class=\"siteorigin-widget-tinymce textwidget\">\n\t<p style=\"text-align: center; font-size: 20px;\"><span style=\"color: #776d23;\"><strong>Des produits <br \/>originaux et haut de gamme <br \/>(tablettes, coffrets, confiseries) <br \/>\u00e0 offrir ou \u00e0 s\u2019offrir en entreprise !<\/strong><\/span><\/p>\n<\/div>\n<\/div><\/div><\/div><\/div><div id=\"pgc-w654d1bf11a848-1-1\"  class=\"panel-grid-cell panel-grid-cell-empty\" ><\/div><div id=\"pgc-w654d1bf11a848-1-2\"  class=\"panel-grid-cell\" ><div id=\"panel-w654d1bf11a848-1-2-0\" class=\"so-panel widget widget_sow-editor panel-first-child panel-last-child\" data-index=\"2\" ><div\n\t\t\t\n\t\t\tclass=\"so-widget-sow-editor so-widget-sow-editor-base\"\n\t\t\t\n\t\t>\n<div class=\"siteorigin-widget-tinymce textwidget\">\n\t<ul>\n<li><span style=\"color: #d2bc8d;\"><b>Cadeaux d\u2019entreprise : <\/b><\/span>pour vos clients, salari\u00e9s, CE ou pour c\u00e9l\u00e9brer des \u00e9v\u00e9nements calendaires (No\u00ebl\/P\u00e2ques), et intra-entreprises.<\/li>\n<li><span style=\"color: #d2bc8d;\"><b>Exposition-Vente : <\/b><\/span>possibilit\u00e9 de me d\u00e9placer dans vos locaux pour proposer mes chocolats \u00e0 la vente.<\/li>\n<li><span style=\"color: #d2bc8d;\"><b>Commande group\u00e9e <\/b><\/span>toute l\u2019ann\u00e9e, possibilit\u00e9 de commander en volume au sein de l\u2019entreprise \/ tarifs pr\u00e9f\u00e9rentiels.<\/li>\n<\/ul>\n<p>&nbsp;<\/p>\n<\/div>\n<\/div><\/div><\/div><\/div><div id=\"pg-w654d1bf11a848-2\"  class=\"panel-grid panel-no-style\" ><div id=\"pgc-w654d1bf11a848-2-0\"  class=\"panel-grid-cell\" ><div id=\"panel-w654d1bf11a848-2-0-0\" class=\"so-panel widget widget_sow-image panel-first-child\" data-index=\"3\" ><div\n\t\t\t\n\t\t\tclass=\"so-widget-sow-image so-widget-sow-image-default-113ccd71f3e6\"\n\t\t\t\n\t\t>\n<div class=\"sow-image-container\">\n\t\t<img \n\tsrc=\"https:\/\/v2.lafevedoree.fr\/wp-content\/uploads\/2021\/08\/citation2-768x288.png\" width=\"768\" height=\"288\" srcset=\"https:\/\/v2.lafevedoree.fr\/wp-content\/uploads\/2021\/08\/citation2-768x288.png 768w, https:\/\/v2.lafevedoree.fr\/wp-content\/uploads\/2021\/08\/citation2-300x112.png 300w, https:\/\/v2.lafevedoree.fr\/wp-content\/uploads\/2021\/08\/citation2-1024x384.png 1024w, https:\/\/v2.lafevedoree.fr\/wp-content\/uploads\/2021\/08\/citation2.png 1131w\" sizes=\"(max-width: 768px) 100vw, 768px\" alt=\"\" \t\tclass=\"so-widget-image\"\/>\n\t<\/div>\n\n<\/div><\/div><div id=\"panel-w654d1bf11a848-2-0-1\" class=\"so-panel widget widget_sow-editor\" data-index=\"4\" ><div class=\"panel-widget-style panel-widget-style-for-w654d1bf11a848-2-0-1\" ><div\n\t\t\t\n\t\t\tclass=\"so-widget-sow-editor so-widget-sow-editor-base\"\n\t\t\t\n\t\t>\n<div class=\"siteorigin-widget-tinymce textwidget\">\n\t<p>&nbsp;<\/p>\n<hr \/>\n<p>&nbsp;<\/p>\n<h4>\n<p style=\"text-align: center; line-height: 26px;\"><span style=\"color: #d2bc8d; font-size: 38px;\"><strong>Pour commander<\/strong><\/span><\/p>\n<\/h4>\n<\/div>\n<\/div><\/div><\/div><div id=\"panel-w654d1bf11a848-2-0-2\" class=\"so-panel widget widget_sow-button panel-last-child\" data-index=\"5\" ><div class=\"panel-widget-style panel-widget-style-for-w654d1bf11a848-2-0-2\" ><div\n\t\t\t\n\t\t\tclass=\"so-widget-sow-button so-widget-sow-button-flat-021bf53f408c\"\n\t\t\t\n\t\t><div class=\"ow-button-base ow-button-align-center\"\n>\n\t\t\t<a\n\t\t\t\t\thref=\"https:\/\/la-feve-doree.sumup.link\"\n\t\t\t\t\tclass=\"mk-btn-contact sowb-button ow-icon-placement-left ow-button-hover\" target=\"_blank\" rel=\"noopener noreferrer\" \t>\n\t\t<span>\n\t\t\t<span class=\"sow-icon-fontawesome sow-fas\" data-sow-icon=\"&#xf54e;\"\n\t\tstyle=\"\" \n\t\taria-hidden=\"true\"><\/span>\n\t\t\tBOUTIQUE EN LIGNE\t\t<\/span>\n\t\t\t<\/a>\n\t<\/div>\n<\/div><\/div><\/div><\/div><\/div><\/div><\/div><\/div><\/div><\/div><\/div>","protected":false},"excerpt":{"rendered":"<p>Des produits originaux et haut de gamme (tablettes, coffrets, confiseries) \u00e0 offrir ou \u00e0 s\u2019offrir en entreprise ! Cadeaux d\u2019entreprise : pour vos clients, salari\u00e9s, CE ou pour c\u00e9l\u00e9brer des \u00e9v\u00e9nements calendaires (No\u00ebl\/P\u00e2ques), et intra-entreprises. Exposition-Vente : possibilit\u00e9 de me d\u00e9placer dans vos locaux pour proposer mes chocolats \u00e0 la vente. Commande group\u00e9e toute l\u2019ann\u00e9e, [&hellip;]<\/p>\n","protected":false},"author":1,"featured_media":0,"parent":0,"menu_order":0,"comment_status":"closed","ping_status":"closed","template":"","meta":{"footnotes":""},"class_list":["post-721","page","type-page","status-publish","hentry"],"aioseo_notices":[],"_links":{"self":[{"href":"https:\/\/v2.lafevedoree.fr\/index.php\/wp-json\/wp\/v2\/pages\/721","targetHints":{"allow":["GET"]}}],"collection":[{"href":"https:\/\/v2.lafevedoree.fr\/index.php\/wp-json\/wp\/v2\/pages"}],"about":[{"href":"https:\/\/v2.lafevedoree.fr\/index.php\/wp-json\/wp\/v2\/types\/page"}],"author":[{"embeddable":true,"href":"https:\/\/v2.lafevedoree.fr\/index.php\/wp-json\/wp\/v2\/users\/1"}],"replies":[{"embeddable":true,"href":"https:\/\/v2.lafevedoree.fr\/index.php\/wp-json\/wp\/v2\/comments?post=721"}],"version-history":[{"count":45,"href":"https:\/\/v2.lafevedoree.fr\/index.php\/wp-json\/wp\/v2\/pages\/721\/revisions"}],"predecessor-version":[{"id":1032,"href":"https:\/\/v2.lafevedoree.fr\/index.php\/wp-json\/wp\/v2\/pages\/721\/revisions\/1032"}],"wp:attachment":[{"href":"https:\/\/v2.lafevedoree.fr\/index.php\/wp-json\/wp\/v2\/media?parent=721"}],"curies":[{"name":"wp","href":"https:\/\/api.w.org\/{rel}","templated":true}]}}