{"id":779,"date":"2021-07-20T15:48:01","date_gmt":"2021-07-20T13:48:01","guid":{"rendered":"https:\/\/v2.lafevedoree.fr\/?page_id=779"},"modified":"2023-06-30T13:16:29","modified_gmt":"2023-06-30T11:16:29","slug":"actualites","status":"publish","type":"page","link":"https:\/\/v2.lafevedoree.fr\/index.php\/actualites\/","title":{"rendered":"Actu \/ Presse"},"content":{"rendered":"<div id=\"pl-779\"  class=\"panel-layout\" ><div id=\"pg-779-0\"  class=\"panel-grid panel-no-style\" ><div id=\"pgc-779-0-0\"  class=\"panel-grid-cell\" ><div id=\"panel-779-0-0-0\" class=\"so-panel widget widget_sow-video panel-first-child\" data-index=\"0\" ><div\n\t\t\t\n\t\t\tclass=\"so-widget-sow-video so-widget-sow-video-default-c08170c47cfb-779\"\n\t\t\t\n\t\t>\n<div class=\"sow-video-wrapper\n\">\n\t\t\t<iframe loading=\"lazy\" title=\"Alan Herre (La F\u00e8ve Dor\u00e9e) dans T\u00e9l\u00e9 Matin - France 2 - 25\/09\/21\" width=\"900\" height=\"506\" src=\"https:\/\/www.youtube.com\/embed\/zBfZFk6skRM?feature=oembed&enablejsapi=1\" frameborder=\"0\" allow=\"accelerometer; autoplay; clipboard-write; encrypted-media; gyroscope; picture-in-picture; web-share\" referrerpolicy=\"strict-origin-when-cross-origin\" allowfullscreen allowfullscreen mozallowfullscreen webkitallowfullscreen sandbox=\"allow-scripts allow-same-origin allow-presentation\"><\/iframe>\t<\/div>\n<\/div><\/div><div id=\"panel-779-0-0-1\" class=\"so-panel widget widget_sow-editor panel-last-child\" data-index=\"1\" ><div\n\t\t\t\n\t\t\tclass=\"so-widget-sow-editor so-widget-sow-editor-base\"\n\t\t\t\n\t\t>\n<div class=\"siteorigin-widget-tinymce textwidget\">\n\t<p style=\"text-align: center;\"><em>Alan Herre (La F\u00e8ve Dor\u00e9e) dans <a href=\"https:\/\/www.youtube.com\/watch?v=zBfZFk6skRM\" target=\"_blank\" rel=\"noopener noreferrer\">T\u00e9l\u00e9 Matin - France 2<\/a> - 25 septembre 2021<\/em><\/p>\n<p>&nbsp;<\/p>\n<hr \/>\n<p>&nbsp;<\/p>\n<\/div>\n<\/div><\/div><\/div><\/div><div id=\"pg-779-1\"  class=\"panel-grid panel-no-style\" ><div id=\"pgc-779-1-0\"  class=\"panel-grid-cell\" ><div id=\"panel-779-1-0-0\" class=\"so-panel widget widget_sow-image panel-first-child\" data-index=\"2\" ><div\n\t\t\t\n\t\t\tclass=\"so-widget-sow-image so-widget-sow-image-default-49681edeb466-779\"\n\t\t\t\n\t\t>\n<div class=\"sow-image-container\">\n\t\t\t<a href=\"https:\/\/articles.cafeyn.co\/3259fc\/paris-match\/2021-05-27\/le-pari-dune-vie-chocolat\"\n\t\t\ttarget=\"_blank\" rel=\"noopener noreferrer\" \t\t>\n\t\t\t<img \n\tsrc=\"https:\/\/v2.lafevedoree.fr\/wp-content\/uploads\/2021\/07\/Alan-Herre-Paris-Match-Chocolatier.jpg\" width=\"600\" height=\"600\" srcset=\"https:\/\/v2.lafevedoree.fr\/wp-content\/uploads\/2021\/07\/Alan-Herre-Paris-Match-Chocolatier.jpg 595w, https:\/\/v2.lafevedoree.fr\/wp-content\/uploads\/2021\/07\/Alan-Herre-Paris-Match-Chocolatier-230x300.jpg 230w\" sizes=\"(max-width: 459px) 100vw, 459px\" alt=\"Article dans suppl\u00e9ment PARIS-MATCH 27 mai - 2 juin 2021\" \t\tclass=\"so-widget-image\"\/>\n\t\t\t<\/a><\/div>\n\n<\/div><\/div><div id=\"panel-779-1-0-1\" class=\"so-panel widget widget_sow-editor panel-last-child\" data-index=\"3\" ><div\n\t\t\t\n\t\t\tclass=\"so-widget-sow-editor so-widget-sow-editor-base\"\n\t\t\t\n\t\t>\n<div class=\"siteorigin-widget-tinymce textwidget\">\n\t<p style=\"text-align: center;\"><em>Article dans suppl\u00e9ment <a href=\"https:\/\/articles.cafeyn.co\/3259fc\/paris-match\/2021-05-27\/le-pari-dune-vie-chocolat\" target=\"_blank\" rel=\"noopener noreferrer\">PARIS-MATCH<\/a> 27 mai - 2 juin 2021<\/em><\/p>\n<p>&nbsp;<\/p>\n<hr \/>\n<p>&nbsp;<\/p>\n<\/div>\n<\/div><\/div><\/div><\/div><div id=\"pg-779-2\"  class=\"panel-grid panel-no-style\" ><div id=\"pgc-779-2-0\"  class=\"panel-grid-cell\" ><div id=\"panel-779-2-0-0\" class=\"so-panel widget widget_sow-video panel-first-child\" data-index=\"4\" ><div\n\t\t\t\n\t\t\tclass=\"so-widget-sow-video so-widget-sow-video-default-f379b959fc93-779\"\n\t\t\t\n\t\t>\n<div class=\"sow-video-wrapper\n\">\n\t\t\t<video\n\t\t\tid=\"sow-player-2\" class=\"sow-video-widget\" preload=\"auto\" style=\"width:100%;height:100%;\" controls \t\t>\n\t\t\t\t\t\t\t<source type=\"video\/mp4\" src=\"https:\/\/v2.lafevedoree.fr\/wp-content\/uploads\/2023\/06\/CIC-X-MOOVJEE-2023_VF.mp4\"\/>\n\t\t\t\t\t<\/video>\n\t<\/div>\n<\/div><\/div><div id=\"panel-779-2-0-1\" class=\"so-panel widget widget_sow-editor panel-last-child\" data-index=\"5\" ><div\n\t\t\t\n\t\t\tclass=\"so-widget-sow-editor so-widget-sow-editor-base\"\n\t\t\t\n\t\t>\n<div class=\"siteorigin-widget-tinymce textwidget\">\n\t<p style=\"text-align: center;\"><em>Alan Herre (La F\u00e8ve Dor\u00e9e) dans une promotion du partenariat entre le CIC et le Moovjee - mars 2023<\/em><\/p>\n<hr \/>\n<\/div>\n<\/div><\/div><\/div><\/div><div id=\"pg-779-3\"  class=\"panel-grid panel-no-style\" ><div id=\"pgc-779-3-0\"  class=\"panel-grid-cell\" ><div id=\"panel-779-3-0-0\" class=\"so-panel widget widget_sow-video panel-first-child\" data-index=\"6\" ><div\n\t\t\t\n\t\t\tclass=\"so-widget-sow-video so-widget-sow-video-default-c08170c47cfb-779\"\n\t\t\t\n\t\t>\n<div class=\"sow-video-wrapper\n\">\n\t\t\t<iframe loading=\"lazy\" title=\"Label Entreprise - Alan Herre : Prix Pilote Moovjee\" width=\"900\" height=\"506\" src=\"https:\/\/www.youtube.com\/embed\/jImx24BrNHg?feature=oembed&enablejsapi=1\" frameborder=\"0\" allow=\"accelerometer; autoplay; clipboard-write; encrypted-media; gyroscope; picture-in-picture; web-share\" referrerpolicy=\"strict-origin-when-cross-origin\" allowfullscreen allowfullscreen mozallowfullscreen webkitallowfullscreen sandbox=\"allow-scripts allow-same-origin allow-presentation\"><\/iframe>\t<\/div>\n<\/div><\/div><div id=\"panel-779-3-0-1\" class=\"so-panel widget widget_sow-editor panel-last-child\" data-index=\"7\" ><div\n\t\t\t\n\t\t\tclass=\"so-widget-sow-editor so-widget-sow-editor-base\"\n\t\t\t\n\t\t>\n<div class=\"siteorigin-widget-tinymce textwidget\">\n\t<p style=\"text-align: center;\"><em><a href=\"https:\/\/www.youtube.com\/watch?v=jImx24BrNHg\" target=\"_blank\" rel=\"noopener noreferrer\">demaintv<\/a> - Label Entreprise - Alan Herre : Prix Pilote Moovjee - 24 juin 2019<\/em><\/p>\n<p>&nbsp;<\/p>\n<hr \/>\n<p>&nbsp;<\/p>\n<\/div>\n<\/div><\/div><\/div><\/div><div id=\"pg-779-4\"  class=\"panel-grid panel-no-style\" ><div id=\"pgc-779-4-0\"  class=\"panel-grid-cell\" ><div id=\"panel-779-4-0-0\" class=\"so-panel widget widget_sow-video panel-first-child\" data-index=\"8\" ><div\n\t\t\t\n\t\t\tclass=\"so-widget-sow-video so-widget-sow-video-default-c08170c47cfb-779\"\n\t\t\t\n\t\t>\n<div class=\"sow-video-wrapper\n\">\n\t\t\t<iframe loading=\"lazy\" title=\"Prix Moovjee 2019 : Alan Herre, fondateur de La F\u00e8ve Dor\u00e9e\" width=\"900\" height=\"506\" src=\"https:\/\/www.youtube.com\/embed\/fk_RvXX7Qqk?feature=oembed&enablejsapi=1\" frameborder=\"0\" allow=\"accelerometer; autoplay; clipboard-write; encrypted-media; gyroscope; picture-in-picture; web-share\" referrerpolicy=\"strict-origin-when-cross-origin\" allowfullscreen allowfullscreen mozallowfullscreen webkitallowfullscreen sandbox=\"allow-scripts allow-same-origin allow-presentation\"><\/iframe>\t<\/div>\n<\/div><\/div><div id=\"panel-779-4-0-1\" class=\"so-panel widget widget_sow-editor panel-last-child\" data-index=\"9\" ><div\n\t\t\t\n\t\t\tclass=\"so-widget-sow-editor so-widget-sow-editor-base\"\n\t\t\t\n\t\t>\n<div class=\"siteorigin-widget-tinymce textwidget\">\n\t<p style=\"text-align: center;\"><em><a href=\"https:\/\/www.youtube.com\/watch?v=jImx24BrNHg\" target=\"_blank\" rel=\"noopener noreferrer\">Prix Moovjee 2019<\/a> : Alan Herre, fondateur de La F\u00e8ve Dor\u00e9e - 26 avril 2019<\/em><\/p>\n<\/div>\n<\/div><\/div><\/div><\/div><\/div>","protected":false},"excerpt":{"rendered":"<p>Alan Herre (La F\u00e8ve Dor\u00e9e) dans T\u00e9l\u00e9 Matin &#8211; France 2 &#8211; 25 septembre 2021 &nbsp; &nbsp; Article dans suppl\u00e9ment PARIS-MATCH 27 mai &#8211; 2 juin 2021 &nbsp; &nbsp;<\/p>\n","protected":false},"author":1,"featured_media":0,"parent":0,"menu_order":0,"comment_status":"closed","ping_status":"closed","template":"","meta":{"footnotes":""},"class_list":["post-779","page","type-page","status-publish","hentry"],"aioseo_notices":[],"_links":{"self":[{"href":"https:\/\/v2.lafevedoree.fr\/index.php\/wp-json\/wp\/v2\/pages\/779","targetHints":{"allow":["GET"]}}],"collection":[{"href":"https:\/\/v2.lafevedoree.fr\/index.php\/wp-json\/wp\/v2\/pages"}],"about":[{"href":"https:\/\/v2.lafevedoree.fr\/index.php\/wp-json\/wp\/v2\/types\/page"}],"author":[{"embeddable":true,"href":"https:\/\/v2.lafevedoree.fr\/index.php\/wp-json\/wp\/v2\/users\/1"}],"replies":[{"embeddable":true,"href":"https:\/\/v2.lafevedoree.fr\/index.php\/wp-json\/wp\/v2\/comments?post=779"}],"version-history":[{"count":25,"href":"https:\/\/v2.lafevedoree.fr\/index.php\/wp-json\/wp\/v2\/pages\/779\/revisions"}],"predecessor-version":[{"id":1016,"href":"https:\/\/v2.lafevedoree.fr\/index.php\/wp-json\/wp\/v2\/pages\/779\/revisions\/1016"}],"wp:attachment":[{"href":"https:\/\/v2.lafevedoree.fr\/index.php\/wp-json\/wp\/v2\/media?parent=779"}],"curies":[{"name":"wp","href":"https:\/\/api.w.org\/{rel}","templated":true}]}}